{"id":5931,"date":"2024-12-13T17:03:38","date_gmt":"2024-12-13T15:03:38","guid":{"rendered":"https:\/\/modeca.com\/?post_type=product&#038;p=5931"},"modified":"2025-07-23T11:34:17","modified_gmt":"2025-07-23T09:34:17","slug":"grea","status":"publish","type":"product","link":"https:\/\/modeca.com\/fr\/wedding-dress\/grea\/","title":{"rendered":"Grea"},"content":{"rendered":"","protected":false},"excerpt":{"rendered":"<p>Classique, r\u00eaveuse et totalement intemporelle, la robe Grea est faite pour les romantiques dans l'\u00e2me. Cette silhouette en A comporte une jupe en tulle scintillant qui s'\u00e9coule sans effort, associ\u00e9e \u00e0 un corsage orn\u00e9 de dentelle et \u00e0 un d\u00e9collet\u00e9 en V flatteur. Le dos carr\u00e9 bas ajoute une touche de modernit\u00e9. Votre sens du style s'exprime dans cette robe inoubliable.<\/p>","protected":false},"featured_media":5012,"template":"","meta":{"_acf_changed":false,"site-sidebar-layout":"default","site-content-layout":"","ast-site-content-layout":"default","site-content-style":"default","site-sidebar-style":"default","ast-global-header-display":"","ast-banner-title-visibility":"","ast-main-header-display":"","ast-hfb-above-header-display":"","ast-hfb-below-header-display":"","ast-hfb-mobile-header-display":"","site-post-title":"","ast-breadcrumbs-content":"","ast-featured-img":"","footer-sml-layout":"","ast-disable-related-posts":"","theme-transparent-header-meta":"default","adv-header-id-meta":"","stick-header-meta":"","header-above-stick-meta":"","header-main-stick-meta":"","header-below-stick-meta":"","astra-migrate-meta-layouts":"set","ast-page-background-enabled":"default","ast-page-background-meta":{"desktop":{"background-color":"var(--ast-global-color-4)","background-image":"","background-repeat":"repeat","background-position":"center center","background-size":"auto","background-attachment":"scroll","background-type":"","background-media":"","overlay-type":"","overlay-color":"","overlay-opacity":"","overlay-gradient":""},"tablet":{"background-color":"","background-image":"","background-repeat":"repeat","background-position":"center center","background-size":"auto","background-attachment":"scroll","background-type":"","background-media":"","overlay-type":"","overlay-color":"","overlay-opacity":"","overlay-gradient":""},"mobile":{"background-color":"","background-image":"","background-repeat":"repeat","background-position":"center center","background-size":"auto","background-attachment":"scroll","background-type":"","background-media":"","overlay-type":"","overlay-color":"","overlay-opacity":"","overlay-gradient":""}},"ast-content-background-meta":{"desktop":{"background-color":"var(--ast-global-color-5)","background-image":"","background-repeat":"repeat","background-position":"center center","background-size":"auto","background-attachment":"scroll","background-type":"","background-media":"","overlay-type":"","overlay-color":"","overlay-opacity":"","overlay-gradient":""},"tablet":{"background-color":"var(--ast-global-color-5)","background-image":"","background-repeat":"repeat","background-position":"center center","background-size":"auto","background-attachment":"scroll","background-type":"","background-media":"","overlay-type":"","overlay-color":"","overlay-opacity":"","overlay-gradient":""},"mobile":{"background-color":"var(--ast-global-color-5)","background-image":"","background-repeat":"repeat","background-position":"center center","background-size":"auto","background-attachment":"scroll","background-type":"","background-media":"","overlay-type":"","overlay-color":"","overlay-opacity":"","overlay-gradient":""}}},"product_brand":[],"product_cat":[108],"product_tag":[],"class_list":{"0":"post-5931","1":"product","2":"type-product","3":"status-publish","4":"has-post-thumbnail","6":"product_cat-grazia-collection-by-modeca","7":"desktop-align-left","8":"tablet-align-left","9":"mobile-align-left","11":"first","12":"instock","13":"shipping-taxable","14":"product-type-simple"},"acf":[],"yoast_head":"<!-- This site is optimized with the Yoast SEO plugin v27.4 - https:\/\/yoast.com\/product\/yoast-seo-wordpress\/ -->\n<title>GREA | Wedding dress with stunning lace details | Modeca<\/title>\n<meta name=\"robots\" content=\"index, follow, max-snippet:-1, max-image-preview:large, max-video-preview:-1\" \/>\n<link rel=\"canonical\" href=\"https:\/\/modeca.com\/fr\/wedding-dress\/grea\/\" \/>\n<meta property=\"og:locale\" content=\"fr_FR\" \/>\n<meta property=\"og:type\" content=\"article\" \/>\n<meta property=\"og:title\" content=\"GREA | Wedding dress with stunning lace details | Modeca\" \/>\n<meta property=\"og:description\" content=\"Classic, dreamy and totally timeless, the Grea dress is made for the romantic at heart. This A-line silhouette features a glittering tulle skirt that flows effortlessly, paired with a lace-adorned bodice and a flattering V-neckline. The low square back adds a modern edge\u2014your sense of style is alive with this unforgettable gown.\" \/>\n<meta property=\"og:url\" content=\"https:\/\/modeca.com\/fr\/wedding-dress\/grea\/\" \/>\n<meta property=\"og:site_name\" content=\"Modeca\" \/>\n<meta property=\"article:modified_time\" content=\"2025-07-23T09:34:17+00:00\" \/>\n<meta property=\"og:image\" content=\"https:\/\/modeca.com\/wp-content\/uploads\/2024\/12\/IMG_0045.jpg\" \/>\n\t<meta property=\"og:image:width\" content=\"1200\" \/>\n\t<meta property=\"og:image:height\" content=\"1500\" \/>\n\t<meta property=\"og:image:type\" content=\"image\/jpeg\" \/>\n<meta name=\"twitter:card\" content=\"summary_large_image\" \/>\n<meta name=\"twitter:label1\" content=\"Dur\u00e9e de lecture estim\u00e9e\" \/>\n\t<meta name=\"twitter:data1\" content=\"1 minute\" \/>\n<script type=\"application\/ld+json\" class=\"yoast-schema-graph\">{\"@context\":\"https:\\\/\\\/schema.org\",\"@graph\":[{\"@type\":\"WebPage\",\"@id\":\"https:\\\/\\\/modeca.com\\\/wedding-dress\\\/grea\\\/\",\"url\":\"https:\\\/\\\/modeca.com\\\/wedding-dress\\\/grea\\\/\",\"name\":\"GREA | Wedding dress with stunning lace details | Modeca\",\"isPartOf\":{\"@id\":\"https:\\\/\\\/modeca.com\\\/#website\"},\"primaryImageOfPage\":{\"@id\":\"https:\\\/\\\/modeca.com\\\/wedding-dress\\\/grea\\\/#primaryimage\"},\"image\":{\"@id\":\"https:\\\/\\\/modeca.com\\\/wedding-dress\\\/grea\\\/#primaryimage\"},\"thumbnailUrl\":\"https:\\\/\\\/modeca.com\\\/wp-content\\\/uploads\\\/2024\\\/12\\\/IMG_0045.jpg\",\"datePublished\":\"2024-12-13T15:03:38+00:00\",\"dateModified\":\"2025-07-23T09:34:17+00:00\",\"breadcrumb\":{\"@id\":\"https:\\\/\\\/modeca.com\\\/wedding-dress\\\/grea\\\/#breadcrumb\"},\"inLanguage\":\"fr-FR\",\"potentialAction\":[{\"@type\":\"ReadAction\",\"target\":[\"https:\\\/\\\/modeca.com\\\/wedding-dress\\\/grea\\\/\"]}]},{\"@type\":\"ImageObject\",\"inLanguage\":\"fr-FR\",\"@id\":\"https:\\\/\\\/modeca.com\\\/wedding-dress\\\/grea\\\/#primaryimage\",\"url\":\"https:\\\/\\\/modeca.com\\\/wp-content\\\/uploads\\\/2024\\\/12\\\/IMG_0045.jpg\",\"contentUrl\":\"https:\\\/\\\/modeca.com\\\/wp-content\\\/uploads\\\/2024\\\/12\\\/IMG_0045.jpg\",\"width\":1200,\"height\":1500,\"caption\":\"A-line wedding dress Grea by Modeca\"},{\"@type\":\"BreadcrumbList\",\"@id\":\"https:\\\/\\\/modeca.com\\\/wedding-dress\\\/grea\\\/#breadcrumb\",\"itemListElement\":[{\"@type\":\"ListItem\",\"position\":1,\"name\":\"Home\",\"item\":\"https:\\\/\\\/modeca.com\\\/\"},{\"@type\":\"ListItem\",\"position\":2,\"name\":\"3. All wedding dresses\",\"item\":\"https:\\\/\\\/modeca.com\\\/all-wedding-dresses\\\/\"},{\"@type\":\"ListItem\",\"position\":3,\"name\":\"Grea\"}]},{\"@type\":\"WebSite\",\"@id\":\"https:\\\/\\\/modeca.com\\\/#website\",\"url\":\"https:\\\/\\\/modeca.com\\\/\",\"name\":\"Modeca\",\"description\":\"\",\"publisher\":{\"@id\":\"https:\\\/\\\/modeca.com\\\/#organization\"},\"potentialAction\":[{\"@type\":\"SearchAction\",\"target\":{\"@type\":\"EntryPoint\",\"urlTemplate\":\"https:\\\/\\\/modeca.com\\\/?s={search_term_string}\"},\"query-input\":{\"@type\":\"PropertyValueSpecification\",\"valueRequired\":true,\"valueName\":\"search_term_string\"}}],\"inLanguage\":\"fr-FR\"},{\"@type\":\"Organization\",\"@id\":\"https:\\\/\\\/modeca.com\\\/#organization\",\"name\":\"Modeca\",\"url\":\"https:\\\/\\\/modeca.com\\\/\",\"logo\":{\"@type\":\"ImageObject\",\"inLanguage\":\"fr-FR\",\"@id\":\"https:\\\/\\\/modeca.com\\\/#\\\/schema\\\/logo\\\/image\\\/\",\"url\":\"https:\\\/\\\/modeca.com\\\/wp-content\\\/uploads\\\/2024\\\/10\\\/cropped-logo_modeca_since-1946_left-aligned_black.png\",\"contentUrl\":\"https:\\\/\\\/modeca.com\\\/wp-content\\\/uploads\\\/2024\\\/10\\\/cropped-logo_modeca_since-1946_left-aligned_black.png\",\"width\":1920,\"height\":376,\"caption\":\"Modeca\"},\"image\":{\"@id\":\"https:\\\/\\\/modeca.com\\\/#\\\/schema\\\/logo\\\/image\\\/\"}}]}<\/script>\n<!-- \/ Yoast SEO plugin. -->","yoast_head_json":{"title":"GREA | Robe de mari\u00e9e avec de superbes d\u00e9tails en dentelle | Modeca","robots":{"index":"index","follow":"follow","max-snippet":"max-snippet:-1","max-image-preview":"max-image-preview:large","max-video-preview":"max-video-preview:-1"},"canonical":"https:\/\/modeca.com\/fr\/wedding-dress\/grea\/","og_locale":"fr_FR","og_type":"article","og_title":"GREA | Wedding dress with stunning lace details | Modeca","og_description":"Classic, dreamy and totally timeless, the Grea dress is made for the romantic at heart. This A-line silhouette features a glittering tulle skirt that flows effortlessly, paired with a lace-adorned bodice and a flattering V-neckline. The low square back adds a modern edge\u2014your sense of style is alive with this unforgettable gown.","og_url":"https:\/\/modeca.com\/fr\/wedding-dress\/grea\/","og_site_name":"Modeca","article_modified_time":"2025-07-23T09:34:17+00:00","og_image":[{"width":1200,"height":1500,"url":"https:\/\/modeca.com\/wp-content\/uploads\/2024\/12\/IMG_0045.jpg","type":"image\/jpeg"}],"twitter_card":"summary_large_image","twitter_misc":{"Dur\u00e9e de lecture estim\u00e9e":"1 minute"},"schema":{"@context":"https:\/\/schema.org","@graph":[{"@type":"WebPage","@id":"https:\/\/modeca.com\/wedding-dress\/grea\/","url":"https:\/\/modeca.com\/wedding-dress\/grea\/","name":"GREA | Robe de mari\u00e9e avec de superbes d\u00e9tails en dentelle | Modeca","isPartOf":{"@id":"https:\/\/modeca.com\/#website"},"primaryImageOfPage":{"@id":"https:\/\/modeca.com\/wedding-dress\/grea\/#primaryimage"},"image":{"@id":"https:\/\/modeca.com\/wedding-dress\/grea\/#primaryimage"},"thumbnailUrl":"https:\/\/modeca.com\/wp-content\/uploads\/2024\/12\/IMG_0045.jpg","datePublished":"2024-12-13T15:03:38+00:00","dateModified":"2025-07-23T09:34:17+00:00","breadcrumb":{"@id":"https:\/\/modeca.com\/wedding-dress\/grea\/#breadcrumb"},"inLanguage":"fr-FR","potentialAction":[{"@type":"ReadAction","target":["https:\/\/modeca.com\/wedding-dress\/grea\/"]}]},{"@type":"ImageObject","inLanguage":"fr-FR","@id":"https:\/\/modeca.com\/wedding-dress\/grea\/#primaryimage","url":"https:\/\/modeca.com\/wp-content\/uploads\/2024\/12\/IMG_0045.jpg","contentUrl":"https:\/\/modeca.com\/wp-content\/uploads\/2024\/12\/IMG_0045.jpg","width":1200,"height":1500,"caption":"A-line wedding dress Grea by Modeca"},{"@type":"BreadcrumbList","@id":"https:\/\/modeca.com\/wedding-dress\/grea\/#breadcrumb","itemListElement":[{"@type":"ListItem","position":1,"name":"Home","item":"https:\/\/modeca.com\/"},{"@type":"ListItem","position":2,"name":"3. All wedding dresses","item":"https:\/\/modeca.com\/all-wedding-dresses\/"},{"@type":"ListItem","position":3,"name":"Grea"}]},{"@type":"WebSite","@id":"https:\/\/modeca.com\/#website","url":"https:\/\/modeca.com\/","name":"Modeca","description":"","publisher":{"@id":"https:\/\/modeca.com\/#organization"},"potentialAction":[{"@type":"SearchAction","target":{"@type":"EntryPoint","urlTemplate":"https:\/\/modeca.com\/?s={search_term_string}"},"query-input":{"@type":"PropertyValueSpecification","valueRequired":true,"valueName":"search_term_string"}}],"inLanguage":"fr-FR"},{"@type":"Organization","@id":"https:\/\/modeca.com\/#organization","name":"Modeca","url":"https:\/\/modeca.com\/","logo":{"@type":"ImageObject","inLanguage":"fr-FR","@id":"https:\/\/modeca.com\/#\/schema\/logo\/image\/","url":"https:\/\/modeca.com\/wp-content\/uploads\/2024\/10\/cropped-logo_modeca_since-1946_left-aligned_black.png","contentUrl":"https:\/\/modeca.com\/wp-content\/uploads\/2024\/10\/cropped-logo_modeca_since-1946_left-aligned_black.png","width":1920,"height":376,"caption":"Modeca"},"image":{"@id":"https:\/\/modeca.com\/#\/schema\/logo\/image\/"}}]}},"_links":{"self":[{"href":"https:\/\/modeca.com\/fr\/wp-json\/wp\/v2\/product\/5931","targetHints":{"allow":["GET"]}}],"collection":[{"href":"https:\/\/modeca.com\/fr\/wp-json\/wp\/v2\/product"}],"about":[{"href":"https:\/\/modeca.com\/fr\/wp-json\/wp\/v2\/types\/product"}],"wp:featuredmedia":[{"embeddable":true,"href":"https:\/\/modeca.com\/fr\/wp-json\/wp\/v2\/media\/5012"}],"wp:attachment":[{"href":"https:\/\/modeca.com\/fr\/wp-json\/wp\/v2\/media?parent=5931"}],"wp:term":[{"taxonomy":"product_brand","embeddable":true,"href":"https:\/\/modeca.com\/fr\/wp-json\/wp\/v2\/product_brand?post=5931"},{"taxonomy":"product_cat","embeddable":true,"href":"https:\/\/modeca.com\/fr\/wp-json\/wp\/v2\/product_cat?post=5931"},{"taxonomy":"product_tag","embeddable":true,"href":"https:\/\/modeca.com\/fr\/wp-json\/wp\/v2\/product_tag?post=5931"}],"curies":[{"name":"wp","href":"https:\/\/api.w.org\/{rel}","templated":true}]}}