{"id":4400,"date":"2024-12-02T13:09:27","date_gmt":"2024-12-02T11:09:27","guid":{"rendered":"https:\/\/modeca.com\/?post_type=product&#038;p=4400"},"modified":"2025-07-31T13:59:32","modified_gmt":"2025-07-31T11:59:32","slug":"rae","status":"publish","type":"product","link":"https:\/\/modeca.com\/fr\/wedding-dress\/rae\/","title":{"rendered":"Rae"},"content":{"rendered":"","protected":false},"excerpt":{"rendered":"<p>Vous vous sentirez \u00e9l\u00e9gante et sexy dans cette robe de mari\u00e9e Rae en cr\u00eape \u00e0 la coupe ajust\u00e9e et \u00e9vas\u00e9e. Elle pr\u00e9sente un d\u00e9collet\u00e9 en V moderne et le dos r\u00e9v\u00e8le un trou de serrure sexy et une \u00e9l\u00e9gante ligne de boutons. La fente sexy sur le devant est la caract\u00e9ristique parfaite pour la mari\u00e9e qui cherche \u00e0 montrer un peu de jambe. Cette robe est \u00e9galement disponible sans la fente - Rae-A. Cette robe de mari\u00e9e est compl\u00e9t\u00e9e par une tra\u00eene en forme de chapelle.<\/p>","protected":false},"featured_media":4334,"template":"","meta":{"_acf_changed":false,"site-sidebar-layout":"default","site-content-layout":"","ast-site-content-layout":"default","site-content-style":"default","site-sidebar-style":"default","ast-global-header-display":"","ast-banner-title-visibility":"","ast-main-header-display":"","ast-hfb-above-header-display":"","ast-hfb-below-header-display":"","ast-hfb-mobile-header-display":"","site-post-title":"","ast-breadcrumbs-content":"","ast-featured-img":"","footer-sml-layout":"","ast-disable-related-posts":"","theme-transparent-header-meta":"default","adv-header-id-meta":"","stick-header-meta":"","header-above-stick-meta":"","header-main-stick-meta":"","header-below-stick-meta":"","astra-migrate-meta-layouts":"set","ast-page-background-enabled":"default","ast-page-background-meta":{"desktop":{"background-color":"var(--ast-global-color-4)","background-image":"","background-repeat":"repeat","background-position":"center center","background-size":"auto","background-attachment":"scroll","background-type":"","background-media":"","overlay-type":"","overlay-color":"","overlay-opacity":"","overlay-gradient":""},"tablet":{"background-color":"","background-image":"","background-repeat":"repeat","background-position":"center center","background-size":"auto","background-attachment":"scroll","background-type":"","background-media":"","overlay-type":"","overlay-color":"","overlay-opacity":"","overlay-gradient":""},"mobile":{"background-color":"","background-image":"","background-repeat":"repeat","background-position":"center center","background-size":"auto","background-attachment":"scroll","background-type":"","background-media":"","overlay-type":"","overlay-color":"","overlay-opacity":"","overlay-gradient":""}},"ast-content-background-meta":{"desktop":{"background-color":"var(--ast-global-color-5)","background-image":"","background-repeat":"repeat","background-position":"center center","background-size":"auto","background-attachment":"scroll","background-type":"","background-media":"","overlay-type":"","overlay-color":"","overlay-opacity":"","overlay-gradient":""},"tablet":{"background-color":"var(--ast-global-color-5)","background-image":"","background-repeat":"repeat","background-position":"center center","background-size":"auto","background-attachment":"scroll","background-type":"","background-media":"","overlay-type":"","overlay-color":"","overlay-opacity":"","overlay-gradient":""},"mobile":{"background-color":"var(--ast-global-color-5)","background-image":"","background-repeat":"repeat","background-position":"center center","background-size":"auto","background-attachment":"scroll","background-type":"","background-media":"","overlay-type":"","overlay-color":"","overlay-opacity":"","overlay-gradient":""}}},"product_brand":[],"product_cat":[93],"product_tag":[],"class_list":{"0":"post-4400","1":"product","2":"type-product","3":"status-publish","4":"has-post-thumbnail","6":"product_cat-revelation-collection","7":"desktop-align-left","8":"tablet-align-left","9":"mobile-align-left","11":"first","12":"instock","13":"shipping-taxable","14":"product-type-simple"},"acf":[],"yoast_head":"<!-- This site is optimized with the Yoast SEO plugin v27.4 - https:\/\/yoast.com\/product\/yoast-seo-wordpress\/ -->\n<title>RAE | Fit and flare wedding dress with keyhole back | Modeca<\/title>\n<meta name=\"robots\" content=\"index, follow, max-snippet:-1, max-image-preview:large, max-video-preview:-1\" \/>\n<link rel=\"canonical\" href=\"https:\/\/modeca.com\/fr\/wedding-dress\/rae\/\" \/>\n<meta property=\"og:locale\" content=\"fr_FR\" \/>\n<meta property=\"og:type\" content=\"article\" \/>\n<meta property=\"og:title\" content=\"RAE | Fit and flare wedding dress with keyhole back | Modeca\" \/>\n<meta property=\"og:description\" content=\"Feel sleek and sexy in this fit and flare crepe wedding dress Rae. It showcases a modern cuffed V-neckline and the back reveals a sexy keyhole and an elegant line of buttons. The sexy slit at the front is the perfect feature for the bride looking to show a little leg. This dress is also available without the slit \u2013 Rae-A. This bridal look is finished with a chapel length train.\" \/>\n<meta property=\"og:url\" content=\"https:\/\/modeca.com\/fr\/wedding-dress\/rae\/\" \/>\n<meta property=\"og:site_name\" content=\"Modeca\" \/>\n<meta property=\"article:modified_time\" content=\"2025-07-31T11:59:32+00:00\" \/>\n<meta property=\"og:image\" content=\"https:\/\/modeca.com\/wp-content\/uploads\/2024\/12\/Revelation-Collection_Rae_Afront_04_IMG_4108-scaled.jpg\" \/>\n\t<meta property=\"og:image:width\" content=\"1920\" \/>\n\t<meta property=\"og:image:height\" content=\"2560\" \/>\n\t<meta property=\"og:image:type\" content=\"image\/jpeg\" \/>\n<meta name=\"twitter:card\" content=\"summary_large_image\" \/>\n<meta name=\"twitter:label1\" content=\"Dur\u00e9e de lecture estim\u00e9e\" \/>\n\t<meta name=\"twitter:data1\" content=\"1 minute\" \/>\n<script type=\"application\/ld+json\" class=\"yoast-schema-graph\">{\"@context\":\"https:\\\/\\\/schema.org\",\"@graph\":[{\"@type\":\"WebPage\",\"@id\":\"https:\\\/\\\/modeca.com\\\/wedding-dress\\\/rae\\\/\",\"url\":\"https:\\\/\\\/modeca.com\\\/wedding-dress\\\/rae\\\/\",\"name\":\"RAE | Fit and flare wedding dress with keyhole back | Modeca\",\"isPartOf\":{\"@id\":\"https:\\\/\\\/modeca.com\\\/#website\"},\"primaryImageOfPage\":{\"@id\":\"https:\\\/\\\/modeca.com\\\/wedding-dress\\\/rae\\\/#primaryimage\"},\"image\":{\"@id\":\"https:\\\/\\\/modeca.com\\\/wedding-dress\\\/rae\\\/#primaryimage\"},\"thumbnailUrl\":\"https:\\\/\\\/modeca.com\\\/wp-content\\\/uploads\\\/2024\\\/12\\\/Revelation-Collection_Rae_Afront_04_IMG_4108-scaled.jpg\",\"datePublished\":\"2024-12-02T11:09:27+00:00\",\"dateModified\":\"2025-07-31T11:59:32+00:00\",\"breadcrumb\":{\"@id\":\"https:\\\/\\\/modeca.com\\\/wedding-dress\\\/rae\\\/#breadcrumb\"},\"inLanguage\":\"fr-FR\",\"potentialAction\":[{\"@type\":\"ReadAction\",\"target\":[\"https:\\\/\\\/modeca.com\\\/wedding-dress\\\/rae\\\/\"]}]},{\"@type\":\"ImageObject\",\"inLanguage\":\"fr-FR\",\"@id\":\"https:\\\/\\\/modeca.com\\\/wedding-dress\\\/rae\\\/#primaryimage\",\"url\":\"https:\\\/\\\/modeca.com\\\/wp-content\\\/uploads\\\/2024\\\/12\\\/Revelation-Collection_Rae_Afront_04_IMG_4108-scaled.jpg\",\"contentUrl\":\"https:\\\/\\\/modeca.com\\\/wp-content\\\/uploads\\\/2024\\\/12\\\/Revelation-Collection_Rae_Afront_04_IMG_4108-scaled.jpg\",\"width\":1920,\"height\":2560,\"caption\":\"Fit and flare wedding dress Rae by Modeca\"},{\"@type\":\"BreadcrumbList\",\"@id\":\"https:\\\/\\\/modeca.com\\\/wedding-dress\\\/rae\\\/#breadcrumb\",\"itemListElement\":[{\"@type\":\"ListItem\",\"position\":1,\"name\":\"Home\",\"item\":\"https:\\\/\\\/modeca.com\\\/\"},{\"@type\":\"ListItem\",\"position\":2,\"name\":\"3. All wedding dresses\",\"item\":\"https:\\\/\\\/modeca.com\\\/all-wedding-dresses\\\/\"},{\"@type\":\"ListItem\",\"position\":3,\"name\":\"Rae\"}]},{\"@type\":\"WebSite\",\"@id\":\"https:\\\/\\\/modeca.com\\\/#website\",\"url\":\"https:\\\/\\\/modeca.com\\\/\",\"name\":\"Modeca\",\"description\":\"\",\"publisher\":{\"@id\":\"https:\\\/\\\/modeca.com\\\/#organization\"},\"potentialAction\":[{\"@type\":\"SearchAction\",\"target\":{\"@type\":\"EntryPoint\",\"urlTemplate\":\"https:\\\/\\\/modeca.com\\\/?s={search_term_string}\"},\"query-input\":{\"@type\":\"PropertyValueSpecification\",\"valueRequired\":true,\"valueName\":\"search_term_string\"}}],\"inLanguage\":\"fr-FR\"},{\"@type\":\"Organization\",\"@id\":\"https:\\\/\\\/modeca.com\\\/#organization\",\"name\":\"Modeca\",\"url\":\"https:\\\/\\\/modeca.com\\\/\",\"logo\":{\"@type\":\"ImageObject\",\"inLanguage\":\"fr-FR\",\"@id\":\"https:\\\/\\\/modeca.com\\\/#\\\/schema\\\/logo\\\/image\\\/\",\"url\":\"https:\\\/\\\/modeca.com\\\/wp-content\\\/uploads\\\/2024\\\/10\\\/cropped-logo_modeca_since-1946_left-aligned_black.png\",\"contentUrl\":\"https:\\\/\\\/modeca.com\\\/wp-content\\\/uploads\\\/2024\\\/10\\\/cropped-logo_modeca_since-1946_left-aligned_black.png\",\"width\":1920,\"height\":376,\"caption\":\"Modeca\"},\"image\":{\"@id\":\"https:\\\/\\\/modeca.com\\\/#\\\/schema\\\/logo\\\/image\\\/\"}}]}<\/script>\n<!-- \/ Yoast SEO plugin. -->","yoast_head_json":{"title":"RAE | Robe de mari\u00e9e ajust\u00e9e et \u00e9vas\u00e9e avec dos en forme de trou de serrure | Modeca","robots":{"index":"index","follow":"follow","max-snippet":"max-snippet:-1","max-image-preview":"max-image-preview:large","max-video-preview":"max-video-preview:-1"},"canonical":"https:\/\/modeca.com\/fr\/wedding-dress\/rae\/","og_locale":"fr_FR","og_type":"article","og_title":"RAE | Fit and flare wedding dress with keyhole back | Modeca","og_description":"Feel sleek and sexy in this fit and flare crepe wedding dress Rae. It showcases a modern cuffed V-neckline and the back reveals a sexy keyhole and an elegant line of buttons. The sexy slit at the front is the perfect feature for the bride looking to show a little leg. This dress is also available without the slit \u2013 Rae-A. This bridal look is finished with a chapel length train.","og_url":"https:\/\/modeca.com\/fr\/wedding-dress\/rae\/","og_site_name":"Modeca","article_modified_time":"2025-07-31T11:59:32+00:00","og_image":[{"width":1920,"height":2560,"url":"https:\/\/modeca.com\/wp-content\/uploads\/2024\/12\/Revelation-Collection_Rae_Afront_04_IMG_4108-scaled.jpg","type":"image\/jpeg"}],"twitter_card":"summary_large_image","twitter_misc":{"Dur\u00e9e de lecture estim\u00e9e":"1 minute"},"schema":{"@context":"https:\/\/schema.org","@graph":[{"@type":"WebPage","@id":"https:\/\/modeca.com\/wedding-dress\/rae\/","url":"https:\/\/modeca.com\/wedding-dress\/rae\/","name":"RAE | Robe de mari\u00e9e ajust\u00e9e et \u00e9vas\u00e9e avec dos en forme de trou de serrure | Modeca","isPartOf":{"@id":"https:\/\/modeca.com\/#website"},"primaryImageOfPage":{"@id":"https:\/\/modeca.com\/wedding-dress\/rae\/#primaryimage"},"image":{"@id":"https:\/\/modeca.com\/wedding-dress\/rae\/#primaryimage"},"thumbnailUrl":"https:\/\/modeca.com\/wp-content\/uploads\/2024\/12\/Revelation-Collection_Rae_Afront_04_IMG_4108-scaled.jpg","datePublished":"2024-12-02T11:09:27+00:00","dateModified":"2025-07-31T11:59:32+00:00","breadcrumb":{"@id":"https:\/\/modeca.com\/wedding-dress\/rae\/#breadcrumb"},"inLanguage":"fr-FR","potentialAction":[{"@type":"ReadAction","target":["https:\/\/modeca.com\/wedding-dress\/rae\/"]}]},{"@type":"ImageObject","inLanguage":"fr-FR","@id":"https:\/\/modeca.com\/wedding-dress\/rae\/#primaryimage","url":"https:\/\/modeca.com\/wp-content\/uploads\/2024\/12\/Revelation-Collection_Rae_Afront_04_IMG_4108-scaled.jpg","contentUrl":"https:\/\/modeca.com\/wp-content\/uploads\/2024\/12\/Revelation-Collection_Rae_Afront_04_IMG_4108-scaled.jpg","width":1920,"height":2560,"caption":"Fit and flare wedding dress Rae by Modeca"},{"@type":"BreadcrumbList","@id":"https:\/\/modeca.com\/wedding-dress\/rae\/#breadcrumb","itemListElement":[{"@type":"ListItem","position":1,"name":"Home","item":"https:\/\/modeca.com\/"},{"@type":"ListItem","position":2,"name":"3. All wedding dresses","item":"https:\/\/modeca.com\/all-wedding-dresses\/"},{"@type":"ListItem","position":3,"name":"Rae"}]},{"@type":"WebSite","@id":"https:\/\/modeca.com\/#website","url":"https:\/\/modeca.com\/","name":"Modeca","description":"","publisher":{"@id":"https:\/\/modeca.com\/#organization"},"potentialAction":[{"@type":"SearchAction","target":{"@type":"EntryPoint","urlTemplate":"https:\/\/modeca.com\/?s={search_term_string}"},"query-input":{"@type":"PropertyValueSpecification","valueRequired":true,"valueName":"search_term_string"}}],"inLanguage":"fr-FR"},{"@type":"Organization","@id":"https:\/\/modeca.com\/#organization","name":"Modeca","url":"https:\/\/modeca.com\/","logo":{"@type":"ImageObject","inLanguage":"fr-FR","@id":"https:\/\/modeca.com\/#\/schema\/logo\/image\/","url":"https:\/\/modeca.com\/wp-content\/uploads\/2024\/10\/cropped-logo_modeca_since-1946_left-aligned_black.png","contentUrl":"https:\/\/modeca.com\/wp-content\/uploads\/2024\/10\/cropped-logo_modeca_since-1946_left-aligned_black.png","width":1920,"height":376,"caption":"Modeca"},"image":{"@id":"https:\/\/modeca.com\/#\/schema\/logo\/image\/"}}]}},"_links":{"self":[{"href":"https:\/\/modeca.com\/fr\/wp-json\/wp\/v2\/product\/4400","targetHints":{"allow":["GET"]}}],"collection":[{"href":"https:\/\/modeca.com\/fr\/wp-json\/wp\/v2\/product"}],"about":[{"href":"https:\/\/modeca.com\/fr\/wp-json\/wp\/v2\/types\/product"}],"wp:featuredmedia":[{"embeddable":true,"href":"https:\/\/modeca.com\/fr\/wp-json\/wp\/v2\/media\/4334"}],"wp:attachment":[{"href":"https:\/\/modeca.com\/fr\/wp-json\/wp\/v2\/media?parent=4400"}],"wp:term":[{"taxonomy":"product_brand","embeddable":true,"href":"https:\/\/modeca.com\/fr\/wp-json\/wp\/v2\/product_brand?post=4400"},{"taxonomy":"product_cat","embeddable":true,"href":"https:\/\/modeca.com\/fr\/wp-json\/wp\/v2\/product_cat?post=4400"},{"taxonomy":"product_tag","embeddable":true,"href":"https:\/\/modeca.com\/fr\/wp-json\/wp\/v2\/product_tag?post=4400"}],"curies":[{"name":"wp","href":"https:\/\/api.w.org\/{rel}","templated":true}]}}