{"id":8009,"date":"2025-01-15T11:28:39","date_gmt":"2025-01-15T09:28:39","guid":{"rendered":"https:\/\/modeca.com\/?post_type=product&#038;p=8009"},"modified":"2025-07-24T10:55:45","modified_gmt":"2025-07-24T08:55:45","slug":"joselyn","status":"publish","type":"product","link":"https:\/\/modeca.com\/es\/wedding-dress\/joselyn\/","title":{"rendered":"Joselyn"},"content":{"rendered":"","protected":false},"excerpt":{"rendered":"<p>Joselyn es la combinaci\u00f3n perfecta de romanticismo y encanto. Este vestido de l\u00ednea A cuenta con un corpi\u00f1o de encaje bellamente detallado con un escote en V favorecedor, dise\u00f1ado para realzar sus curvas naturales. La vaporosa falda de gasa crea una silueta ligera y vaporosa. El detalle entrecruzado en la espalda a\u00f1ade un sutil toque de encanto, haciendo que este vestido sea a la vez c\u00f3modo y cautivador. Ideal para las novias con curvas que desean sentirse elegantes, apoyadas e incre\u00edblemente bellas.<\/p>","protected":false},"featured_media":5265,"template":"","meta":{"_acf_changed":false,"site-sidebar-layout":"default","site-content-layout":"","ast-site-content-layout":"default","site-content-style":"default","site-sidebar-style":"default","ast-global-header-display":"","ast-banner-title-visibility":"","ast-main-header-display":"","ast-hfb-above-header-display":"","ast-hfb-below-header-display":"","ast-hfb-mobile-header-display":"","site-post-title":"","ast-breadcrumbs-content":"","ast-featured-img":"","footer-sml-layout":"","ast-disable-related-posts":"","theme-transparent-header-meta":"default","adv-header-id-meta":"","stick-header-meta":"","header-above-stick-meta":"","header-main-stick-meta":"","header-below-stick-meta":"","astra-migrate-meta-layouts":"set","ast-page-background-enabled":"default","ast-page-background-meta":{"desktop":{"background-color":"var(--ast-global-color-4)","background-image":"","background-repeat":"repeat","background-position":"center center","background-size":"auto","background-attachment":"scroll","background-type":"","background-media":"","overlay-type":"","overlay-color":"","overlay-opacity":"","overlay-gradient":""},"tablet":{"background-color":"","background-image":"","background-repeat":"repeat","background-position":"center center","background-size":"auto","background-attachment":"scroll","background-type":"","background-media":"","overlay-type":"","overlay-color":"","overlay-opacity":"","overlay-gradient":""},"mobile":{"background-color":"","background-image":"","background-repeat":"repeat","background-position":"center center","background-size":"auto","background-attachment":"scroll","background-type":"","background-media":"","overlay-type":"","overlay-color":"","overlay-opacity":"","overlay-gradient":""}},"ast-content-background-meta":{"desktop":{"background-color":"var(--ast-global-color-5)","background-image":"","background-repeat":"repeat","background-position":"center center","background-size":"auto","background-attachment":"scroll","background-type":"","background-media":"","overlay-type":"","overlay-color":"","overlay-opacity":"","overlay-gradient":""},"tablet":{"background-color":"var(--ast-global-color-5)","background-image":"","background-repeat":"repeat","background-position":"center center","background-size":"auto","background-attachment":"scroll","background-type":"","background-media":"","overlay-type":"","overlay-color":"","overlay-opacity":"","overlay-gradient":""},"mobile":{"background-color":"var(--ast-global-color-5)","background-image":"","background-repeat":"repeat","background-position":"center center","background-size":"auto","background-attachment":"scroll","background-type":"","background-media":"","overlay-type":"","overlay-color":"","overlay-opacity":"","overlay-gradient":""}}},"product_brand":[],"product_cat":[123],"product_tag":[],"class_list":{"0":"post-8009","1":"product","2":"type-product","3":"status-publish","4":"has-post-thumbnail","6":"product_cat-journey-collection-by-curves","7":"desktop-align-left","8":"tablet-align-left","9":"mobile-align-left","11":"first","12":"instock","13":"shipping-taxable","14":"product-type-simple"},"acf":[],"yoast_head":"<!-- This site is optimized with the Yoast SEO plugin v27.4 - https:\/\/yoast.com\/product\/yoast-seo-wordpress\/ -->\n<title>JOSELYN | Curvy wedding dress with unique back | Modeca<\/title>\n<meta name=\"description\" content=\"This flattering A-line silhouette wedding dress is perfect for the bride who isn&#039;t afraid to show of her beautiful curves.\" \/>\n<meta name=\"robots\" content=\"index, follow, max-snippet:-1, max-image-preview:large, max-video-preview:-1\" \/>\n<link rel=\"canonical\" href=\"https:\/\/modeca.com\/es\/wedding-dress\/joselyn\/\" \/>\n<meta property=\"og:locale\" content=\"es_ES\" \/>\n<meta property=\"og:type\" content=\"article\" \/>\n<meta property=\"og:title\" content=\"JOSELYN | Curvy wedding dress with unique back | Modeca\" \/>\n<meta property=\"og:description\" content=\"This flattering A-line silhouette wedding dress is perfect for the bride who isn&#039;t afraid to show of her beautiful curves.\" \/>\n<meta property=\"og:url\" content=\"https:\/\/modeca.com\/es\/wedding-dress\/joselyn\/\" \/>\n<meta property=\"og:site_name\" content=\"Modeca\" \/>\n<meta property=\"article:modified_time\" content=\"2025-07-24T08:55:45+00:00\" \/>\n<meta property=\"og:image\" content=\"https:\/\/modeca.com\/wp-content\/uploads\/2024\/12\/JOSELYN-3.jpg\" \/>\n\t<meta property=\"og:image:width\" content=\"1200\" \/>\n\t<meta property=\"og:image:height\" content=\"1600\" \/>\n\t<meta property=\"og:image:type\" content=\"image\/jpeg\" \/>\n<meta name=\"twitter:card\" content=\"summary_large_image\" \/>\n<meta name=\"twitter:label1\" content=\"Tiempo de lectura\" \/>\n\t<meta name=\"twitter:data1\" content=\"1 minuto\" \/>\n<script type=\"application\/ld+json\" class=\"yoast-schema-graph\">{\"@context\":\"https:\\\/\\\/schema.org\",\"@graph\":[{\"@type\":\"WebPage\",\"@id\":\"https:\\\/\\\/modeca.com\\\/wedding-dress\\\/joselyn\\\/\",\"url\":\"https:\\\/\\\/modeca.com\\\/wedding-dress\\\/joselyn\\\/\",\"name\":\"JOSELYN | Curvy wedding dress with unique back | Modeca\",\"isPartOf\":{\"@id\":\"https:\\\/\\\/modeca.com\\\/#website\"},\"primaryImageOfPage\":{\"@id\":\"https:\\\/\\\/modeca.com\\\/wedding-dress\\\/joselyn\\\/#primaryimage\"},\"image\":{\"@id\":\"https:\\\/\\\/modeca.com\\\/wedding-dress\\\/joselyn\\\/#primaryimage\"},\"thumbnailUrl\":\"https:\\\/\\\/modeca.com\\\/wp-content\\\/uploads\\\/2024\\\/12\\\/JOSELYN-3.jpg\",\"datePublished\":\"2025-01-15T09:28:39+00:00\",\"dateModified\":\"2025-07-24T08:55:45+00:00\",\"description\":\"This flattering A-line silhouette wedding dress is perfect for the bride who isn't afraid to show of her beautiful curves.\",\"breadcrumb\":{\"@id\":\"https:\\\/\\\/modeca.com\\\/wedding-dress\\\/joselyn\\\/#breadcrumb\"},\"inLanguage\":\"es\",\"potentialAction\":[{\"@type\":\"ReadAction\",\"target\":[\"https:\\\/\\\/modeca.com\\\/wedding-dress\\\/joselyn\\\/\"]}]},{\"@type\":\"ImageObject\",\"inLanguage\":\"es\",\"@id\":\"https:\\\/\\\/modeca.com\\\/wedding-dress\\\/joselyn\\\/#primaryimage\",\"url\":\"https:\\\/\\\/modeca.com\\\/wp-content\\\/uploads\\\/2024\\\/12\\\/JOSELYN-3.jpg\",\"contentUrl\":\"https:\\\/\\\/modeca.com\\\/wp-content\\\/uploads\\\/2024\\\/12\\\/JOSELYN-3.jpg\",\"width\":1200,\"height\":1600,\"caption\":\"Plus size A-line wedding dress Joselyn by Modeca Curves\"},{\"@type\":\"BreadcrumbList\",\"@id\":\"https:\\\/\\\/modeca.com\\\/wedding-dress\\\/joselyn\\\/#breadcrumb\",\"itemListElement\":[{\"@type\":\"ListItem\",\"position\":1,\"name\":\"Home\",\"item\":\"https:\\\/\\\/modeca.com\\\/\"},{\"@type\":\"ListItem\",\"position\":2,\"name\":\"3. All wedding dresses\",\"item\":\"https:\\\/\\\/modeca.com\\\/all-wedding-dresses\\\/\"},{\"@type\":\"ListItem\",\"position\":3,\"name\":\"Joselyn\"}]},{\"@type\":\"WebSite\",\"@id\":\"https:\\\/\\\/modeca.com\\\/#website\",\"url\":\"https:\\\/\\\/modeca.com\\\/\",\"name\":\"Modeca\",\"description\":\"\",\"publisher\":{\"@id\":\"https:\\\/\\\/modeca.com\\\/#organization\"},\"potentialAction\":[{\"@type\":\"SearchAction\",\"target\":{\"@type\":\"EntryPoint\",\"urlTemplate\":\"https:\\\/\\\/modeca.com\\\/?s={search_term_string}\"},\"query-input\":{\"@type\":\"PropertyValueSpecification\",\"valueRequired\":true,\"valueName\":\"search_term_string\"}}],\"inLanguage\":\"es\"},{\"@type\":\"Organization\",\"@id\":\"https:\\\/\\\/modeca.com\\\/#organization\",\"name\":\"Modeca\",\"url\":\"https:\\\/\\\/modeca.com\\\/\",\"logo\":{\"@type\":\"ImageObject\",\"inLanguage\":\"es\",\"@id\":\"https:\\\/\\\/modeca.com\\\/#\\\/schema\\\/logo\\\/image\\\/\",\"url\":\"https:\\\/\\\/modeca.com\\\/wp-content\\\/uploads\\\/2024\\\/10\\\/cropped-logo_modeca_since-1946_left-aligned_black.png\",\"contentUrl\":\"https:\\\/\\\/modeca.com\\\/wp-content\\\/uploads\\\/2024\\\/10\\\/cropped-logo_modeca_since-1946_left-aligned_black.png\",\"width\":1920,\"height\":376,\"caption\":\"Modeca\"},\"image\":{\"@id\":\"https:\\\/\\\/modeca.com\\\/#\\\/schema\\\/logo\\\/image\\\/\"}}]}<\/script>\n<!-- \/ Yoast SEO plugin. -->","yoast_head_json":{"title":"JOSELYN | Vestido de novia con curvas y espalda \u00fanica | Modeca","description":"Este favorecedor vestido de novia de silueta en A es perfecto para la novia que no teme mostrar sus hermosas curvas.","robots":{"index":"index","follow":"follow","max-snippet":"max-snippet:-1","max-image-preview":"max-image-preview:large","max-video-preview":"max-video-preview:-1"},"canonical":"https:\/\/modeca.com\/es\/wedding-dress\/joselyn\/","og_locale":"es_ES","og_type":"article","og_title":"JOSELYN | Curvy wedding dress with unique back | Modeca","og_description":"This flattering A-line silhouette wedding dress is perfect for the bride who isn't afraid to show of her beautiful curves.","og_url":"https:\/\/modeca.com\/es\/wedding-dress\/joselyn\/","og_site_name":"Modeca","article_modified_time":"2025-07-24T08:55:45+00:00","og_image":[{"width":1200,"height":1600,"url":"https:\/\/modeca.com\/wp-content\/uploads\/2024\/12\/JOSELYN-3.jpg","type":"image\/jpeg"}],"twitter_card":"summary_large_image","twitter_misc":{"Tiempo de lectura":"1 minuto"},"schema":{"@context":"https:\/\/schema.org","@graph":[{"@type":"WebPage","@id":"https:\/\/modeca.com\/wedding-dress\/joselyn\/","url":"https:\/\/modeca.com\/wedding-dress\/joselyn\/","name":"JOSELYN | Vestido de novia con curvas y espalda \u00fanica | Modeca","isPartOf":{"@id":"https:\/\/modeca.com\/#website"},"primaryImageOfPage":{"@id":"https:\/\/modeca.com\/wedding-dress\/joselyn\/#primaryimage"},"image":{"@id":"https:\/\/modeca.com\/wedding-dress\/joselyn\/#primaryimage"},"thumbnailUrl":"https:\/\/modeca.com\/wp-content\/uploads\/2024\/12\/JOSELYN-3.jpg","datePublished":"2025-01-15T09:28:39+00:00","dateModified":"2025-07-24T08:55:45+00:00","description":"Este favorecedor vestido de novia de silueta en A es perfecto para la novia que no teme mostrar sus hermosas curvas.","breadcrumb":{"@id":"https:\/\/modeca.com\/wedding-dress\/joselyn\/#breadcrumb"},"inLanguage":"es","potentialAction":[{"@type":"ReadAction","target":["https:\/\/modeca.com\/wedding-dress\/joselyn\/"]}]},{"@type":"ImageObject","inLanguage":"es","@id":"https:\/\/modeca.com\/wedding-dress\/joselyn\/#primaryimage","url":"https:\/\/modeca.com\/wp-content\/uploads\/2024\/12\/JOSELYN-3.jpg","contentUrl":"https:\/\/modeca.com\/wp-content\/uploads\/2024\/12\/JOSELYN-3.jpg","width":1200,"height":1600,"caption":"Plus size A-line wedding dress Joselyn by Modeca Curves"},{"@type":"BreadcrumbList","@id":"https:\/\/modeca.com\/wedding-dress\/joselyn\/#breadcrumb","itemListElement":[{"@type":"ListItem","position":1,"name":"Home","item":"https:\/\/modeca.com\/"},{"@type":"ListItem","position":2,"name":"3. All wedding dresses","item":"https:\/\/modeca.com\/all-wedding-dresses\/"},{"@type":"ListItem","position":3,"name":"Joselyn"}]},{"@type":"WebSite","@id":"https:\/\/modeca.com\/#website","url":"https:\/\/modeca.com\/","name":"Modeca","description":"","publisher":{"@id":"https:\/\/modeca.com\/#organization"},"potentialAction":[{"@type":"SearchAction","target":{"@type":"EntryPoint","urlTemplate":"https:\/\/modeca.com\/?s={search_term_string}"},"query-input":{"@type":"PropertyValueSpecification","valueRequired":true,"valueName":"search_term_string"}}],"inLanguage":"es"},{"@type":"Organization","@id":"https:\/\/modeca.com\/#organization","name":"Modeca","url":"https:\/\/modeca.com\/","logo":{"@type":"ImageObject","inLanguage":"es","@id":"https:\/\/modeca.com\/#\/schema\/logo\/image\/","url":"https:\/\/modeca.com\/wp-content\/uploads\/2024\/10\/cropped-logo_modeca_since-1946_left-aligned_black.png","contentUrl":"https:\/\/modeca.com\/wp-content\/uploads\/2024\/10\/cropped-logo_modeca_since-1946_left-aligned_black.png","width":1920,"height":376,"caption":"Modeca"},"image":{"@id":"https:\/\/modeca.com\/#\/schema\/logo\/image\/"}}]}},"_links":{"self":[{"href":"https:\/\/modeca.com\/es\/wp-json\/wp\/v2\/product\/8009","targetHints":{"allow":["GET"]}}],"collection":[{"href":"https:\/\/modeca.com\/es\/wp-json\/wp\/v2\/product"}],"about":[{"href":"https:\/\/modeca.com\/es\/wp-json\/wp\/v2\/types\/product"}],"wp:featuredmedia":[{"embeddable":true,"href":"https:\/\/modeca.com\/es\/wp-json\/wp\/v2\/media\/5265"}],"wp:attachment":[{"href":"https:\/\/modeca.com\/es\/wp-json\/wp\/v2\/media?parent=8009"}],"wp:term":[{"taxonomy":"product_brand","embeddable":true,"href":"https:\/\/modeca.com\/es\/wp-json\/wp\/v2\/product_brand?post=8009"},{"taxonomy":"product_cat","embeddable":true,"href":"https:\/\/modeca.com\/es\/wp-json\/wp\/v2\/product_cat?post=8009"},{"taxonomy":"product_tag","embeddable":true,"href":"https:\/\/modeca.com\/es\/wp-json\/wp\/v2\/product_tag?post=8009"}],"curies":[{"name":"wp","href":"https:\/\/api.w.org\/{rel}","templated":true}]}}