{"id":4453,"date":"2024-12-02T17:34:41","date_gmt":"2024-12-02T15:34:41","guid":{"rendered":"https:\/\/modeca.com\/?post_type=product&#038;p=4453"},"modified":"2025-07-31T14:30:52","modified_gmt":"2025-07-31T12:30:52","slug":"rubi","status":"publish","type":"product","link":"https:\/\/modeca.com\/de\/wedding-dress\/rubi\/","title":{"rendered":"Rubi"},"content":{"rendered":"","protected":false},"excerpt":{"rendered":"<p>Das A-Linien-Hochzeitskleid Rubi ist ein echter Hingucker. Das durchsichtige Mieder ist mit wundersch\u00f6ner Perlenspitze verziert und verleiht Ihnen den ultimativen Glanz am Hochzeitstag. Der funkelnde T\u00fcllrock l\u00e4sst Sie an Ihrem gro\u00dfen Tag hell erstrahlen.<\/p>","protected":false},"featured_media":4388,"template":"","meta":{"_acf_changed":false,"site-sidebar-layout":"default","site-content-layout":"","ast-site-content-layout":"default","site-content-style":"default","site-sidebar-style":"default","ast-global-header-display":"","ast-banner-title-visibility":"","ast-main-header-display":"","ast-hfb-above-header-display":"","ast-hfb-below-header-display":"","ast-hfb-mobile-header-display":"","site-post-title":"","ast-breadcrumbs-content":"","ast-featured-img":"","footer-sml-layout":"","ast-disable-related-posts":"","theme-transparent-header-meta":"default","adv-header-id-meta":"","stick-header-meta":"","header-above-stick-meta":"","header-main-stick-meta":"","header-below-stick-meta":"","astra-migrate-meta-layouts":"set","ast-page-background-enabled":"default","ast-page-background-meta":{"desktop":{"background-color":"var(--ast-global-color-4)","background-image":"","background-repeat":"repeat","background-position":"center center","background-size":"auto","background-attachment":"scroll","background-type":"","background-media":"","overlay-type":"","overlay-color":"","overlay-opacity":"","overlay-gradient":""},"tablet":{"background-color":"","background-image":"","background-repeat":"repeat","background-position":"center center","background-size":"auto","background-attachment":"scroll","background-type":"","background-media":"","overlay-type":"","overlay-color":"","overlay-opacity":"","overlay-gradient":""},"mobile":{"background-color":"","background-image":"","background-repeat":"repeat","background-position":"center center","background-size":"auto","background-attachment":"scroll","background-type":"","background-media":"","overlay-type":"","overlay-color":"","overlay-opacity":"","overlay-gradient":""}},"ast-content-background-meta":{"desktop":{"background-color":"var(--ast-global-color-5)","background-image":"","background-repeat":"repeat","background-position":"center center","background-size":"auto","background-attachment":"scroll","background-type":"","background-media":"","overlay-type":"","overlay-color":"","overlay-opacity":"","overlay-gradient":""},"tablet":{"background-color":"var(--ast-global-color-5)","background-image":"","background-repeat":"repeat","background-position":"center center","background-size":"auto","background-attachment":"scroll","background-type":"","background-media":"","overlay-type":"","overlay-color":"","overlay-opacity":"","overlay-gradient":""},"mobile":{"background-color":"var(--ast-global-color-5)","background-image":"","background-repeat":"repeat","background-position":"center center","background-size":"auto","background-attachment":"scroll","background-type":"","background-media":"","overlay-type":"","overlay-color":"","overlay-opacity":"","overlay-gradient":""}}},"product_brand":[],"product_cat":[93],"product_tag":[],"class_list":{"0":"post-4453","1":"product","2":"type-product","3":"status-publish","4":"has-post-thumbnail","6":"product_cat-revelation-collection","7":"desktop-align-left","8":"tablet-align-left","9":"mobile-align-left","11":"first","12":"instock","13":"shipping-taxable","14":"product-type-simple"},"acf":[],"yoast_head":"<!-- This site is optimized with the Yoast SEO plugin v27.4 - https:\/\/yoast.com\/product\/yoast-seo-wordpress\/ -->\n<title>RUBI | A-line wedding dress with lace details | Modeca<\/title>\n<meta name=\"robots\" content=\"index, follow, max-snippet:-1, max-image-preview:large, max-video-preview:-1\" \/>\n<link rel=\"canonical\" href=\"https:\/\/modeca.com\/de\/wedding-dress\/rubi\/\" \/>\n<meta property=\"og:locale\" content=\"de_DE\" \/>\n<meta property=\"og:type\" content=\"article\" \/>\n<meta property=\"og:title\" content=\"RUBI | A-line wedding dress with lace details | Modeca\" \/>\n<meta property=\"og:description\" content=\"A-line wedding gown Rubi is a show stopper. The sheer bodice is embellished with beautiful beaded lace giving you the ultimate wedding day glow. The sparking tulle skirt will make you shine bright on your big day.\" \/>\n<meta property=\"og:url\" content=\"https:\/\/modeca.com\/de\/wedding-dress\/rubi\/\" \/>\n<meta property=\"og:site_name\" content=\"Modeca\" \/>\n<meta property=\"article:modified_time\" content=\"2025-07-31T12:30:52+00:00\" \/>\n<meta property=\"og:image\" content=\"https:\/\/modeca.com\/wp-content\/uploads\/2024\/12\/Revelation-Collection_Rubi_Afront_IMG_0908-scaled.jpg\" \/>\n\t<meta property=\"og:image:width\" content=\"1920\" \/>\n\t<meta property=\"og:image:height\" content=\"2560\" \/>\n\t<meta property=\"og:image:type\" content=\"image\/jpeg\" \/>\n<meta name=\"twitter:card\" content=\"summary_large_image\" \/>\n<meta name=\"twitter:label1\" content=\"Gesch\u00e4tzte Lesezeit\" \/>\n\t<meta name=\"twitter:data1\" content=\"1\u00a0Minute\" \/>\n<script type=\"application\/ld+json\" class=\"yoast-schema-graph\">{\"@context\":\"https:\\\/\\\/schema.org\",\"@graph\":[{\"@type\":\"WebPage\",\"@id\":\"https:\\\/\\\/modeca.com\\\/wedding-dress\\\/rubi\\\/\",\"url\":\"https:\\\/\\\/modeca.com\\\/wedding-dress\\\/rubi\\\/\",\"name\":\"RUBI | A-line wedding dress with lace details | Modeca\",\"isPartOf\":{\"@id\":\"https:\\\/\\\/modeca.com\\\/#website\"},\"primaryImageOfPage\":{\"@id\":\"https:\\\/\\\/modeca.com\\\/wedding-dress\\\/rubi\\\/#primaryimage\"},\"image\":{\"@id\":\"https:\\\/\\\/modeca.com\\\/wedding-dress\\\/rubi\\\/#primaryimage\"},\"thumbnailUrl\":\"https:\\\/\\\/modeca.com\\\/wp-content\\\/uploads\\\/2024\\\/12\\\/Revelation-Collection_Rubi_Afront_IMG_0908-scaled.jpg\",\"datePublished\":\"2024-12-02T15:34:41+00:00\",\"dateModified\":\"2025-07-31T12:30:52+00:00\",\"breadcrumb\":{\"@id\":\"https:\\\/\\\/modeca.com\\\/wedding-dress\\\/rubi\\\/#breadcrumb\"},\"inLanguage\":\"de\",\"potentialAction\":[{\"@type\":\"ReadAction\",\"target\":[\"https:\\\/\\\/modeca.com\\\/wedding-dress\\\/rubi\\\/\"]}]},{\"@type\":\"ImageObject\",\"inLanguage\":\"de\",\"@id\":\"https:\\\/\\\/modeca.com\\\/wedding-dress\\\/rubi\\\/#primaryimage\",\"url\":\"https:\\\/\\\/modeca.com\\\/wp-content\\\/uploads\\\/2024\\\/12\\\/Revelation-Collection_Rubi_Afront_IMG_0908-scaled.jpg\",\"contentUrl\":\"https:\\\/\\\/modeca.com\\\/wp-content\\\/uploads\\\/2024\\\/12\\\/Revelation-Collection_Rubi_Afront_IMG_0908-scaled.jpg\",\"width\":1920,\"height\":2560,\"caption\":\"A-line dress Rubi by Modeca\"},{\"@type\":\"BreadcrumbList\",\"@id\":\"https:\\\/\\\/modeca.com\\\/wedding-dress\\\/rubi\\\/#breadcrumb\",\"itemListElement\":[{\"@type\":\"ListItem\",\"position\":1,\"name\":\"Home\",\"item\":\"https:\\\/\\\/modeca.com\\\/\"},{\"@type\":\"ListItem\",\"position\":2,\"name\":\"3. All wedding dresses\",\"item\":\"https:\\\/\\\/modeca.com\\\/all-wedding-dresses\\\/\"},{\"@type\":\"ListItem\",\"position\":3,\"name\":\"Rubi\"}]},{\"@type\":\"WebSite\",\"@id\":\"https:\\\/\\\/modeca.com\\\/#website\",\"url\":\"https:\\\/\\\/modeca.com\\\/\",\"name\":\"Modeca\",\"description\":\"\",\"publisher\":{\"@id\":\"https:\\\/\\\/modeca.com\\\/#organization\"},\"potentialAction\":[{\"@type\":\"SearchAction\",\"target\":{\"@type\":\"EntryPoint\",\"urlTemplate\":\"https:\\\/\\\/modeca.com\\\/?s={search_term_string}\"},\"query-input\":{\"@type\":\"PropertyValueSpecification\",\"valueRequired\":true,\"valueName\":\"search_term_string\"}}],\"inLanguage\":\"de\"},{\"@type\":\"Organization\",\"@id\":\"https:\\\/\\\/modeca.com\\\/#organization\",\"name\":\"Modeca\",\"url\":\"https:\\\/\\\/modeca.com\\\/\",\"logo\":{\"@type\":\"ImageObject\",\"inLanguage\":\"de\",\"@id\":\"https:\\\/\\\/modeca.com\\\/#\\\/schema\\\/logo\\\/image\\\/\",\"url\":\"https:\\\/\\\/modeca.com\\\/wp-content\\\/uploads\\\/2024\\\/10\\\/cropped-logo_modeca_since-1946_left-aligned_black.png\",\"contentUrl\":\"https:\\\/\\\/modeca.com\\\/wp-content\\\/uploads\\\/2024\\\/10\\\/cropped-logo_modeca_since-1946_left-aligned_black.png\",\"width\":1920,\"height\":376,\"caption\":\"Modeca\"},\"image\":{\"@id\":\"https:\\\/\\\/modeca.com\\\/#\\\/schema\\\/logo\\\/image\\\/\"}}]}<\/script>\n<!-- \/ Yoast SEO plugin. -->","yoast_head_json":{"title":"RUBI | Brautkleid in A-Linie mit Spitzendetails | Modeca","robots":{"index":"index","follow":"follow","max-snippet":"max-snippet:-1","max-image-preview":"max-image-preview:large","max-video-preview":"max-video-preview:-1"},"canonical":"https:\/\/modeca.com\/de\/wedding-dress\/rubi\/","og_locale":"de_DE","og_type":"article","og_title":"RUBI | A-line wedding dress with lace details | Modeca","og_description":"A-line wedding gown Rubi is a show stopper. The sheer bodice is embellished with beautiful beaded lace giving you the ultimate wedding day glow. The sparking tulle skirt will make you shine bright on your big day.","og_url":"https:\/\/modeca.com\/de\/wedding-dress\/rubi\/","og_site_name":"Modeca","article_modified_time":"2025-07-31T12:30:52+00:00","og_image":[{"width":1920,"height":2560,"url":"https:\/\/modeca.com\/wp-content\/uploads\/2024\/12\/Revelation-Collection_Rubi_Afront_IMG_0908-scaled.jpg","type":"image\/jpeg"}],"twitter_card":"summary_large_image","twitter_misc":{"Gesch\u00e4tzte Lesezeit":"1\u00a0Minute"},"schema":{"@context":"https:\/\/schema.org","@graph":[{"@type":"WebPage","@id":"https:\/\/modeca.com\/wedding-dress\/rubi\/","url":"https:\/\/modeca.com\/wedding-dress\/rubi\/","name":"RUBI | Brautkleid in A-Linie mit Spitzendetails | Modeca","isPartOf":{"@id":"https:\/\/modeca.com\/#website"},"primaryImageOfPage":{"@id":"https:\/\/modeca.com\/wedding-dress\/rubi\/#primaryimage"},"image":{"@id":"https:\/\/modeca.com\/wedding-dress\/rubi\/#primaryimage"},"thumbnailUrl":"https:\/\/modeca.com\/wp-content\/uploads\/2024\/12\/Revelation-Collection_Rubi_Afront_IMG_0908-scaled.jpg","datePublished":"2024-12-02T15:34:41+00:00","dateModified":"2025-07-31T12:30:52+00:00","breadcrumb":{"@id":"https:\/\/modeca.com\/wedding-dress\/rubi\/#breadcrumb"},"inLanguage":"de","potentialAction":[{"@type":"ReadAction","target":["https:\/\/modeca.com\/wedding-dress\/rubi\/"]}]},{"@type":"ImageObject","inLanguage":"de","@id":"https:\/\/modeca.com\/wedding-dress\/rubi\/#primaryimage","url":"https:\/\/modeca.com\/wp-content\/uploads\/2024\/12\/Revelation-Collection_Rubi_Afront_IMG_0908-scaled.jpg","contentUrl":"https:\/\/modeca.com\/wp-content\/uploads\/2024\/12\/Revelation-Collection_Rubi_Afront_IMG_0908-scaled.jpg","width":1920,"height":2560,"caption":"A-line dress Rubi by Modeca"},{"@type":"BreadcrumbList","@id":"https:\/\/modeca.com\/wedding-dress\/rubi\/#breadcrumb","itemListElement":[{"@type":"ListItem","position":1,"name":"Home","item":"https:\/\/modeca.com\/"},{"@type":"ListItem","position":2,"name":"3. All wedding dresses","item":"https:\/\/modeca.com\/all-wedding-dresses\/"},{"@type":"ListItem","position":3,"name":"Rubi"}]},{"@type":"WebSite","@id":"https:\/\/modeca.com\/#website","url":"https:\/\/modeca.com\/","name":"Modeca","description":"","publisher":{"@id":"https:\/\/modeca.com\/#organization"},"potentialAction":[{"@type":"SearchAction","target":{"@type":"EntryPoint","urlTemplate":"https:\/\/modeca.com\/?s={search_term_string}"},"query-input":{"@type":"PropertyValueSpecification","valueRequired":true,"valueName":"search_term_string"}}],"inLanguage":"de"},{"@type":"Organization","@id":"https:\/\/modeca.com\/#organization","name":"Modeca","url":"https:\/\/modeca.com\/","logo":{"@type":"ImageObject","inLanguage":"de","@id":"https:\/\/modeca.com\/#\/schema\/logo\/image\/","url":"https:\/\/modeca.com\/wp-content\/uploads\/2024\/10\/cropped-logo_modeca_since-1946_left-aligned_black.png","contentUrl":"https:\/\/modeca.com\/wp-content\/uploads\/2024\/10\/cropped-logo_modeca_since-1946_left-aligned_black.png","width":1920,"height":376,"caption":"Modeca"},"image":{"@id":"https:\/\/modeca.com\/#\/schema\/logo\/image\/"}}]}},"_links":{"self":[{"href":"https:\/\/modeca.com\/de\/wp-json\/wp\/v2\/product\/4453","targetHints":{"allow":["GET"]}}],"collection":[{"href":"https:\/\/modeca.com\/de\/wp-json\/wp\/v2\/product"}],"about":[{"href":"https:\/\/modeca.com\/de\/wp-json\/wp\/v2\/types\/product"}],"wp:featuredmedia":[{"embeddable":true,"href":"https:\/\/modeca.com\/de\/wp-json\/wp\/v2\/media\/4388"}],"wp:attachment":[{"href":"https:\/\/modeca.com\/de\/wp-json\/wp\/v2\/media?parent=4453"}],"wp:term":[{"taxonomy":"product_brand","embeddable":true,"href":"https:\/\/modeca.com\/de\/wp-json\/wp\/v2\/product_brand?post=4453"},{"taxonomy":"product_cat","embeddable":true,"href":"https:\/\/modeca.com\/de\/wp-json\/wp\/v2\/product_cat?post=4453"},{"taxonomy":"product_tag","embeddable":true,"href":"https:\/\/modeca.com\/de\/wp-json\/wp\/v2\/product_tag?post=4453"}],"curies":[{"name":"wp","href":"https:\/\/api.w.org\/{rel}","templated":true}]}}